{"id":6650,"date":"2025-05-24T18:00:15","date_gmt":"2025-05-24T18:00:15","guid":{"rendered":"https:\/\/www.gonzalezchevez.com\/?page_id=6650"},"modified":"2025-05-24T18:37:06","modified_gmt":"2025-05-24T18:37:06","slug":"como-es-trabajar-aqui","status":"publish","type":"page","link":"https:\/\/www.gonzalezchevez.com\/en\/como-es-trabajar-aqui\/","title":{"rendered":"C\u00f3mo es trabajar aqu\u00ed"},"content":{"rendered":"<div data-elementor-type=\"wp-page\" data-elementor-id=\"6650\" class=\"elementor elementor-6650\" data-elementor-post-type=\"page\">\n\t\t\t\t        <section class=\"elementor-section elementor-top-section elementor-element elementor-element-1a747091 elementor-section-boxed elementor-section-height-default elementor-section-height-default ct-header-fixed-none ct-row-max-none\" data-id=\"1a747091\" data-element_type=\"section\" data-e-type=\"section\">\n            \n                        <div class=\"elementor-container elementor-column-gap-extended\">\n                    <div class=\"elementor-column elementor-col-50 elementor-top-column elementor-element elementor-element-261cbf0b\" data-id=\"261cbf0b\" data-element_type=\"column\" data-e-type=\"column\">\n        <div class=\"elementor-widget-wrap elementor-element-populated\">\n                    \n        \t\t<div class=\"elementor-element elementor-element-20e97492 elementor-widget elementor-widget-ct_heading\" data-id=\"20e97492\" data-element_type=\"widget\" data-e-type=\"widget\" data-widget_type=\"ct_heading.default\">\n\t\t\t\t<div class=\"elementor-widget-container\">\n\t\t\t\t\t<div id=\"ct_heading-20e97492\" class=\"ct-heading h-align- sub- ct-heading-left item-st-line-left1\">\r\n\t<div class=\"ct-item--inner\">\r\n        <div class=\"ct-inline-css\"  data-css=\"            \">\r\n        <\/div>\r\n                <h3 class=\"item--title st-line-left1 wow wow flipInX\" data-wow-delay=\"ms\">\r\n                        <span class=\"sp-main\">\r\n                                    <i><\/i>\r\n                \r\n                C\u00f3mo es trabajar aqu\u00ed\r\n                \r\n                            <\/span>\r\n                    <\/h3>\r\n    <\/div>\r\n<\/div>\t\t\t\t<\/div>\n\t\t\t\t<\/div>\n\t\t        <section class=\"elementor-section elementor-inner-section elementor-element elementor-element-4e1d086b elementor-section-boxed elementor-section-height-default elementor-section-height-default ct-header-fixed-none ct-row-max-none\" data-id=\"4e1d086b\" data-element_type=\"section\" data-e-type=\"section\">\n            \n                        <div class=\"elementor-container elementor-column-gap-extended\">\n                    <div class=\"elementor-column elementor-col-100 elementor-inner-column elementor-element elementor-element-38da7403\" data-id=\"38da7403\" data-element_type=\"column\" data-e-type=\"column\">\n        <div class=\"elementor-widget-wrap elementor-element-populated\">\n                    \n        \t\t<div class=\"elementor-element elementor-element-4b4df54e elementor-widget elementor-widget-ct_feature\" data-id=\"4b4df54e\" data-element_type=\"widget\" data-e-type=\"widget\" data-widget_type=\"ct_feature.default\">\n\t\t\t\t<div class=\"elementor-widget-container\">\n\t\t\t\t\t<div class=\"ct-feature-layout1 style1 wow fadeInUp\">\r\n    <div class=\"item--holder\">\r\n        <h3 class=\"item--title\"><i class=\"fac fac-angle-double-right\"><\/i>FUTURO<\/h3>\r\n        <div class=\"item--desc\" >En nuestra empresa, creemos que las personas son el centro de\ntodo. Trabajar aqu\u00ed no solo significa formar parte de un equipo;\nsignifica crecer, ser valorado y construir un futuro con prop\u00f3sito.<\/div>\r\n    <\/div>\r\n<\/div>\t\t\t\t<\/div>\n\t\t\t\t<\/div>\n\t\t\t\t<div class=\"elementor-element elementor-element-275dcd69 elementor-widget elementor-widget-ct_feature\" data-id=\"275dcd69\" data-element_type=\"widget\" data-e-type=\"widget\" data-widget_type=\"ct_feature.default\">\n\t\t\t\t<div class=\"elementor-widget-container\">\n\t\t\t\t\t<div class=\"ct-feature-layout1 style1 wow fadeInUp\">\r\n    <div class=\"item--holder\">\r\n        <h3 class=\"item--title\"><i class=\"fac fac-angle-double-right\"><\/i>VALORES<\/h3>\r\n        <div class=\"item--desc\" >Nos guiamos por valores s\u00f3lidos que vivimos cada d\u00eda:\nRespeto, confianza, compromiso y determinaci\u00f3n no son solo\npalabras, son principios que marcan cada decisi\u00f3n y cada\nrelaci\u00f3n.<\/div>\r\n    <\/div>\r\n<\/div>\t\t\t\t<\/div>\n\t\t\t\t<\/div>\n\t\t\t\t<div class=\"elementor-element elementor-element-0797c35 elementor-widget elementor-widget-ct_feature\" data-id=\"0797c35\" data-element_type=\"widget\" data-e-type=\"widget\" data-widget_type=\"ct_feature.default\">\n\t\t\t\t<div class=\"elementor-widget-container\">\n\t\t\t\t\t<div class=\"ct-feature-layout1 style1 wow fadeInUp\">\r\n    <div class=\"item--holder\">\r\n        <h3 class=\"item--title\"><i class=\"fac fac-angle-double-right\"><\/i>CLIMA LABORAL<\/h3>\r\n        <div class=\"item--desc\" >Fomentamos un clima laboral positivo, donde cada colaborador\nes visto y tratado como ser humano, con empat\u00eda, dignidad y\ncercan\u00eda. Sabemos que el bienestar impulsa la excelencia.<\/div>\r\n    <\/div>\r\n<\/div>\t\t\t\t<\/div>\n\t\t\t\t<\/div>\n\t\t\t\t<div class=\"elementor-element elementor-element-2c8ab93 elementor-widget elementor-widget-ct_feature\" data-id=\"2c8ab93\" data-element_type=\"widget\" data-e-type=\"widget\" data-widget_type=\"ct_feature.default\">\n\t\t\t\t<div class=\"elementor-widget-container\">\n\t\t\t\t\t<div class=\"ct-feature-layout1 style1 wow fadeInUp\">\r\n    <div class=\"item--holder\">\r\n        <h3 class=\"item--title\"><i class=\"fac fac-angle-double-right\"><\/i>PLAN DE VIDA Y CARRERA<\/h3>\r\n        <div class=\"item--desc\" >Ofrecemos un plan de vida y carrera real, dise\u00f1ado para\nacompa\u00f1arte en tu crecimiento profesional y personal. Sumamos a\nesto una cultura de flexibilidad y apoyo constante, porque\nentendemos que la vida no es solo trabajo.<\/div>\r\n    <\/div>\r\n<\/div>\t\t\t\t<\/div>\n\t\t\t\t<\/div>\n\t\t\t\t<div class=\"elementor-element elementor-element-1a9fb29 elementor-widget elementor-widget-ct_feature\" data-id=\"1a9fb29\" data-element_type=\"widget\" data-e-type=\"widget\" data-widget_type=\"ct_feature.default\">\n\t\t\t\t<div class=\"elementor-widget-container\">\n\t\t\t\t\t<div class=\"ct-feature-layout1 style1 wow fadeInUp\">\r\n    <div class=\"item--holder\">\r\n        <h3 class=\"item--title\"><i class=\"fac fac-angle-double-right\"><\/i>DESARROLLO PROFESIONAL<\/h3>\r\n        <div class=\"item--desc\" >Y lo m\u00e1s importante: nuestros l\u00edderes y socios no solo dirigen, dan\nejemplo de crecimiento y compromiso. Ellos tambi\u00e9n comenzaron\ndesde abajo y hoy son muestra viva de que aqu\u00ed, s\u00ed se puede\ncrecer.<\/div>\r\n    <\/div>\r\n<\/div>\t\t\t\t<\/div>\n\t\t\t\t<\/div>\n\t\t            <\/div>\n        <\/div>\n                    <\/div>\n        <\/section>\n                    <\/div>\n        <\/div>\n                <div class=\"elementor-column elementor-col-50 elementor-top-column elementor-element elementor-element-56175f5\" data-id=\"56175f5\" data-element_type=\"column\" data-e-type=\"column\">\n        <div class=\"elementor-widget-wrap elementor-element-populated\">\n                    \n        \t\t<div class=\"elementor-element elementor-element-0ae6584 elementor-widget elementor-widget-image\" data-id=\"0ae6584\" data-element_type=\"widget\" data-e-type=\"widget\" data-widget_type=\"image.default\">\n\t\t\t\t<div class=\"elementor-widget-container\">\n\t\t\t\t\t\t\t\t\t\t\t\t\t\t\t<img fetchpriority=\"high\" decoding=\"async\" width=\"558\" height=\"631\" src=\"https:\/\/www.gonzalezchevez.com\/wp-content\/uploads\/2022\/11\/about-us-esr-10.png\" class=\"attachment-full size-full wp-image-5419\" alt=\"\" srcset=\"https:\/\/www.gonzalezchevez.com\/wp-content\/uploads\/2022\/11\/about-us-esr-10.png 558w, https:\/\/www.gonzalezchevez.com\/wp-content\/uploads\/2022\/11\/about-us-esr-10-265x300.png 265w\" sizes=\"(max-width: 558px) 100vw, 558px\" \/>\t\t\t\t\t\t\t\t\t\t\t\t\t\t\t<\/div>\n\t\t\t\t<\/div>\n\t\t            <\/div>\n        <\/div>\n                    <\/div>\n        <\/section>\n                <section class=\"elementor-section elementor-top-section elementor-element elementor-element-1997081e elementor-section-boxed elementor-section-height-default elementor-section-height-default ct-header-fixed-none ct-row-max-none\" data-id=\"1997081e\" data-element_type=\"section\" data-e-type=\"section\">\n            \n                        <div class=\"elementor-container elementor-column-gap-extended\">\n                    <div class=\"elementor-column elementor-col-100 elementor-top-column elementor-element elementor-element-183234bd\" data-id=\"183234bd\" data-element_type=\"column\" data-e-type=\"column\">\n        <div class=\"elementor-widget-wrap elementor-element-populated\">\n                    \n        \t\t<div class=\"elementor-element elementor-element-7ca697e elementor-widget elementor-widget-ct_blog_carousel\" data-id=\"7ca697e\" data-element_type=\"widget\" data-e-type=\"widget\" data-widget_type=\"ct_blog_carousel.default\">\n\t\t\t\t<div class=\"elementor-widget-container\">\n\t\t\t\t\t\r\n<div id=\"ct_blog_carousel-7ca697e\" class=\"ct-blog-carousel-layout1 ct-slick-slider style1\">\r\n    <div class=\"ct-carousel-inner\">\r\n        <div class=\"ct-slick-carousel\" data-arrows=\"\" data-dots=\"\" data-pauseonhover=\"true\" data-autoplay=\"false\" data-autoplayspeed=\"5000\" data-infinite=\"true\" data-speed=\"500\" data-dir=\"false\" data-colxs=\"1\" data-colsm=\"2\" data-colmd=\"2\" data-collg=\"3\" data-colxl=\"3\" data-slidestoscroll=\"1\">\r\n\r\n                    <div class=\"carousel-item slick-slide\">\r\n                <div class=\"grid-item-inner wow fadeInUp\">\r\n                                            <div class=\"entry-featured featured-filter\">\r\n                            <a href=\"https:\/\/www.gonzalezchevez.com\/en\/tasa-efectiva-de-isr-en-mexico-enfoque-financiero-y-fiscal\/\"><img decoding=\"async\" data-src=\"https:\/\/www.gonzalezchevez.com\/wp-content\/uploads\/2026\/04\/Gonzalez-Chevez-BLOG-7-600x389.png\" width=\"600\" height=\"389\" alt=\"diferencia financiero fiscal\" title=\"diferencia financiero fiscal\" src=\"data:image\/gif;base64,R0lGODlhAQABAAAAACH5BAEKAAEALAAAAAABAAEAAAICTAEAOw==\" class=\"lazyload\" style=\"--smush-placeholder-width: 600px; --smush-placeholder-aspect-ratio: 600\/389;\" \/><\/a>\r\n                        <\/div>\r\n                                        <div class=\"entry-body\">\r\n                        <div class=\"entry-holder\">\r\n                                                            <ul class=\"entry-meta\">\r\n                                                                            <li class=\"item-date\"><i class=\"fac fac-calendar-alt\"><\/i>April 7, 2026<\/li>\r\n                                                                                                                <li class=\"item-author\">\r\n                                            <a href=\"https:\/\/www.gonzalezchevez.com\/en\/author\/gozalezadmin2022\/\"><i class=\"fac fac-user\"><\/i>gozalezadmin2022<\/a><\/li>\r\n                                                                    <\/ul>\r\n                                                        <h3 class=\"entry-title\"><a href=\"https:\/\/www.gonzalezchevez.com\/en\/tasa-efectiva-de-isr-en-mexico-enfoque-financiero-y-fiscal\/\">Tasa efectiva de ISR en M\u00e9xico: enfoque financiero y fiscal<\/a><\/h3>\r\n                                                            <div class=\"entry-readmore\">\r\n                                    <a href=\"https:\/\/www.gonzalezchevez.com\/en\/tasa-efectiva-de-isr-en-mexico-enfoque-financiero-y-fiscal\/\">\r\n                                        Read more                                        <i class=\"fac fac-angle-double-right space-left\"><\/i>\r\n                                    <\/a>\r\n                                <\/div>\r\n                                                    <\/div>\r\n                    <\/div>\r\n                <\/div>\r\n            <\/div>\r\n                    <div class=\"carousel-item slick-slide\">\r\n                <div class=\"grid-item-inner wow fadeInUp\">\r\n                                            <div class=\"entry-featured featured-filter\">\r\n                            <a href=\"https:\/\/www.gonzalezchevez.com\/en\/7043-2\/\"><img decoding=\"async\" data-src=\"https:\/\/www.gonzalezchevez.com\/wp-content\/uploads\/2026\/03\/Gonzalez-Chevez-BLOG-5-600x389.png\" width=\"600\" height=\"389\" alt=\"dictamen-contribuciones-locales-cdmx-2026\" title=\"dictamen-contribuciones-locales-cdmx-2026\" src=\"data:image\/gif;base64,R0lGODlhAQABAAAAACH5BAEKAAEALAAAAAABAAEAAAICTAEAOw==\" class=\"lazyload\" style=\"--smush-placeholder-width: 600px; --smush-placeholder-aspect-ratio: 600\/389;\" \/><\/a>\r\n                        <\/div>\r\n                                        <div class=\"entry-body\">\r\n                        <div class=\"entry-holder\">\r\n                                                            <ul class=\"entry-meta\">\r\n                                                                            <li class=\"item-date\"><i class=\"fac fac-calendar-alt\"><\/i>March 10, 2026<\/li>\r\n                                                                                                                <li class=\"item-author\">\r\n                                            <a href=\"https:\/\/www.gonzalezchevez.com\/en\/author\/gozalezadmin2022\/\"><i class=\"fac fac-user\"><\/i>gozalezadmin2022<\/a><\/li>\r\n                                                                    <\/ul>\r\n                                                        <h3 class=\"entry-title\"><a href=\"https:\/\/www.gonzalezchevez.com\/en\/7043-2\/\">Dictamen de Constribuciones Locales CDMX 2026: Fecha l\u00edmite y obligaciones<\/a><\/h3>\r\n                                                            <div class=\"entry-readmore\">\r\n                                    <a href=\"https:\/\/www.gonzalezchevez.com\/en\/7043-2\/\">\r\n                                        Read more                                        <i class=\"fac fac-angle-double-right space-left\"><\/i>\r\n                                    <\/a>\r\n                                <\/div>\r\n                                                    <\/div>\r\n                    <\/div>\r\n                <\/div>\r\n            <\/div>\r\n                    <div class=\"carousel-item slick-slide\">\r\n                <div class=\"grid-item-inner wow fadeInUp\">\r\n                                            <div class=\"entry-featured featured-filter\">\r\n                            <a href=\"https:\/\/www.gonzalezchevez.com\/en\/estimulo-fiscal-a-la-produccion-cinematografica-y-audiovisual-2026-decreto-publicado-en-el-dof\/\"><img decoding=\"async\" data-src=\"https:\/\/www.gonzalezchevez.com\/wp-content\/uploads\/2026\/02\/Gonzalez-Chevez-BLOG-3-600x389.png\" width=\"600\" height=\"389\" alt=\"estimulo-fiscal-cine-mexico-2026\" title=\"estimulo-fiscal-cine-mexico-2026\" src=\"data:image\/gif;base64,R0lGODlhAQABAAAAACH5BAEKAAEALAAAAAABAAEAAAICTAEAOw==\" class=\"lazyload\" style=\"--smush-placeholder-width: 600px; --smush-placeholder-aspect-ratio: 600\/389;\" \/><\/a>\r\n                        <\/div>\r\n                                        <div class=\"entry-body\">\r\n                        <div class=\"entry-holder\">\r\n                                                            <ul class=\"entry-meta\">\r\n                                                                            <li class=\"item-date\"><i class=\"fac fac-calendar-alt\"><\/i>February 24, 2026<\/li>\r\n                                                                                                                <li class=\"item-author\">\r\n                                            <a href=\"https:\/\/www.gonzalezchevez.com\/en\/author\/gozalezadmin2022\/\"><i class=\"fac fac-user\"><\/i>gozalezadmin2022<\/a><\/li>\r\n                                                                    <\/ul>\r\n                                                        <h3 class=\"entry-title\"><a href=\"https:\/\/www.gonzalezchevez.com\/en\/estimulo-fiscal-a-la-produccion-cinematografica-y-audiovisual-2026-decreto-publicado-en-el-dof\/\">Est\u00edmulo fiscal a la producci\u00f3n cinematogr\u00e1fica y audiovisual 2026: Decreto publicado en el DOF<\/a><\/h3>\r\n                                                            <div class=\"entry-readmore\">\r\n                                    <a href=\"https:\/\/www.gonzalezchevez.com\/en\/estimulo-fiscal-a-la-produccion-cinematografica-y-audiovisual-2026-decreto-publicado-en-el-dof\/\">\r\n                                        Read more                                        <i class=\"fac fac-angle-double-right space-left\"><\/i>\r\n                                    <\/a>\r\n                                <\/div>\r\n                                                    <\/div>\r\n                    <\/div>\r\n                <\/div>\r\n            <\/div>\r\n                    <div class=\"carousel-item slick-slide\">\r\n                <div class=\"grid-item-inner wow fadeInUp\">\r\n                                            <div class=\"entry-featured featured-filter\">\r\n                            <a href=\"https:\/\/www.gonzalezchevez.com\/en\/cfdi-de-nomina-2025-plazo-para-corregir-errores-vence-el-28-de-febrero-de-2026\/\"><img decoding=\"async\" data-src=\"https:\/\/www.gonzalezchevez.com\/wp-content\/uploads\/2026\/02\/Gonzalez-Chevez-BLOG-1-600x389.png\" width=\"600\" height=\"389\" alt=\"como-corregir-errores-cfdi\" title=\"como-corregir-errores-cfdi\" src=\"data:image\/gif;base64,R0lGODlhAQABAAAAACH5BAEKAAEALAAAAAABAAEAAAICTAEAOw==\" class=\"lazyload\" style=\"--smush-placeholder-width: 600px; --smush-placeholder-aspect-ratio: 600\/389;\" \/><\/a>\r\n                        <\/div>\r\n                                        <div class=\"entry-body\">\r\n                        <div class=\"entry-holder\">\r\n                                                            <ul class=\"entry-meta\">\r\n                                                                            <li class=\"item-date\"><i class=\"fac fac-calendar-alt\"><\/i>February 24, 2026<\/li>\r\n                                                                                                                <li class=\"item-author\">\r\n                                            <a href=\"https:\/\/www.gonzalezchevez.com\/en\/author\/gozalezadmin2022\/\"><i class=\"fac fac-user\"><\/i>gozalezadmin2022<\/a><\/li>\r\n                                                                    <\/ul>\r\n                                                        <h3 class=\"entry-title\"><a href=\"https:\/\/www.gonzalezchevez.com\/en\/cfdi-de-nomina-2025-plazo-para-corregir-errores-vence-el-28-de-febrero-de-2026\/\">CFDI de n\u00f3mina 2025: plazo para corregir errores vence el 28 de febrero de 2026<\/a><\/h3>\r\n                                                            <div class=\"entry-readmore\">\r\n                                    <a href=\"https:\/\/www.gonzalezchevez.com\/en\/cfdi-de-nomina-2025-plazo-para-corregir-errores-vence-el-28-de-febrero-de-2026\/\">\r\n                                        Read more                                        <i class=\"fac fac-angle-double-right space-left\"><\/i>\r\n                                    <\/a>\r\n                                <\/div>\r\n                                                    <\/div>\r\n                    <\/div>\r\n                <\/div>\r\n            <\/div>\r\n                <\/div>\r\n    <\/div>\r\n<\/div>\r\n\t\t\t\t<\/div>\n\t\t\t\t<\/div>\n\t\t            <\/div>\n        <\/div>\n                    <\/div>\n        <\/section>\n                <section class=\"elementor-section elementor-top-section elementor-element elementor-element-3b01e20 elementor-section-stretched elementor-section-boxed elementor-section-height-default elementor-section-height-default ct-header-fixed-none ct-row-max-none\" data-id=\"3b01e20\" data-element_type=\"section\" data-e-type=\"section\" data-settings=\"{&quot;stretch_section&quot;:&quot;section-stretched&quot;,&quot;background_background&quot;:&quot;classic&quot;}\">\n            \n                        <div class=\"elementor-container elementor-column-gap-extended\">\n                    <div class=\"elementor-column elementor-col-100 elementor-top-column elementor-element elementor-element-372d129\" data-id=\"372d129\" data-element_type=\"column\" data-e-type=\"column\">\n        <div class=\"elementor-widget-wrap elementor-element-populated\">\n                    \n        \t\t<div class=\"elementor-element elementor-element-084bfe0 elementor-widget elementor-widget-ct_clients_list\" data-id=\"084bfe0\" data-element_type=\"widget\" data-e-type=\"widget\" data-widget_type=\"ct_clients_list.default\">\n\t\t\t\t<div class=\"elementor-widget-container\">\n\t\t\t\t\t    <div class=\"ct-client1 ct-slick-slider style1\">\r\n        <div class=\"ct-clients-list-inner\">\r\n            <div class=\"ct-slick-carousel\" data-arrows=\"\" data-dots=\"\" data-pauseonhover=\"\" data-autoplay=\"true\" data-autoplayspeed=\"8000\" data-infinite=\"true\" data-speed=\"800\" data-colxs=\"1\" data-colsm=\"3\" data-colmd=\"4\" data-collg=\"4\" data-colxl=\"4\" data-dir=\"false\" data-slidestoscroll=\"1\">\r\n                                        <div class=\"slick-slide\">\r\n                            <div class=\"client-image\">\r\n                                <a href=\"#\">\r\n                                    <img decoding=\"async\" width=\"500\" height=\"500\" data-src=\"https:\/\/www.gonzalezchevez.com\/wp-content\/uploads\/2023\/03\/ESTRELLA.png\" class=\"ct-thumb-1 attachment-full lazyload\" alt=\"\" src=\"data:image\/gif;base64,R0lGODlhAQABAAAAACH5BAEKAAEALAAAAAABAAEAAAICTAEAOw==\" style=\"--smush-placeholder-width: 500px; --smush-placeholder-aspect-ratio: 500\/500;\" \/>                                                                    <\/a>\r\n                            <\/div>\r\n                        <\/div>\r\n                                                            <div class=\"slick-slide\">\r\n                            <div class=\"client-image\">\r\n                                <a href=\"#\">\r\n                                    <img decoding=\"async\" width=\"500\" height=\"500\" data-src=\"https:\/\/www.gonzalezchevez.com\/wp-content\/uploads\/2023\/03\/MAVI.png\" class=\"ct-thumb-1 attachment-full lazyload\" alt=\"\" src=\"data:image\/gif;base64,R0lGODlhAQABAAAAACH5BAEKAAEALAAAAAABAAEAAAICTAEAOw==\" style=\"--smush-placeholder-width: 500px; --smush-placeholder-aspect-ratio: 500\/500;\" \/>                                                                    <\/a>\r\n                            <\/div>\r\n                        <\/div>\r\n                                                            <div class=\"slick-slide\">\r\n                            <div class=\"client-image\">\r\n                                <a href=\"#\">\r\n                                    <img decoding=\"async\" width=\"500\" height=\"500\" data-src=\"https:\/\/www.gonzalezchevez.com\/wp-content\/uploads\/2023\/03\/BIG-BOLA.png\" class=\"ct-thumb-1 attachment-full lazyload\" alt=\"\" src=\"data:image\/gif;base64,R0lGODlhAQABAAAAACH5BAEKAAEALAAAAAABAAEAAAICTAEAOw==\" style=\"--smush-placeholder-width: 500px; --smush-placeholder-aspect-ratio: 500\/500;\" \/>                                                                    <\/a>\r\n                            <\/div>\r\n                        <\/div>\r\n                                                            <div class=\"slick-slide\">\r\n                            <div class=\"client-image\">\r\n                                <a href=\"#\">\r\n                                    <img decoding=\"async\" width=\"500\" height=\"500\" data-src=\"https:\/\/www.gonzalezchevez.com\/wp-content\/uploads\/2023\/03\/CINEPOLIS.png\" class=\"ct-thumb-1 attachment-full lazyload\" alt=\"\" src=\"data:image\/gif;base64,R0lGODlhAQABAAAAACH5BAEKAAEALAAAAAABAAEAAAICTAEAOw==\" style=\"--smush-placeholder-width: 500px; --smush-placeholder-aspect-ratio: 500\/500;\" \/>                                                                    <\/a>\r\n                            <\/div>\r\n                        <\/div>\r\n                                                <\/div>\r\n        <\/div>\r\n    <\/div>\r\n\t\t\t\t<\/div>\n\t\t\t\t<\/div>\n\t\t            <\/div>\n        <\/div>\n                    <\/div>\n        <\/section>\n        \t\t<\/div>","protected":false},"excerpt":{"rendered":"<p>C\u00f3mo es trabajar aqu\u00ed FUTURO En nuestra empresa, creemos que las personas son el centro de todo. Trabajar aqu\u00ed no solo significa formar parte de un equipo; significa crecer, ser valorado y construir un futuro con prop\u00f3sito. VALORES Nos guiamos por valores s\u00f3lidos que vivimos cada d\u00eda: Respeto, confianza, compromiso y determinaci\u00f3n no son solo [&hellip;]<\/p>\n","protected":false},"author":1,"featured_media":0,"parent":0,"menu_order":0,"comment_status":"closed","ping_status":"closed","template":"","meta":{"footnotes":""},"class_list":["post-6650","page","type-page","status-publish","hentry"],"_links":{"self":[{"href":"https:\/\/www.gonzalezchevez.com\/en\/wp-json\/wp\/v2\/pages\/6650","targetHints":{"allow":["GET"]}}],"collection":[{"href":"https:\/\/www.gonzalezchevez.com\/en\/wp-json\/wp\/v2\/pages"}],"about":[{"href":"https:\/\/www.gonzalezchevez.com\/en\/wp-json\/wp\/v2\/types\/page"}],"author":[{"embeddable":true,"href":"https:\/\/www.gonzalezchevez.com\/en\/wp-json\/wp\/v2\/users\/1"}],"replies":[{"embeddable":true,"href":"https:\/\/www.gonzalezchevez.com\/en\/wp-json\/wp\/v2\/comments?post=6650"}],"version-history":[{"count":10,"href":"https:\/\/www.gonzalezchevez.com\/en\/wp-json\/wp\/v2\/pages\/6650\/revisions"}],"predecessor-version":[{"id":6665,"href":"https:\/\/www.gonzalezchevez.com\/en\/wp-json\/wp\/v2\/pages\/6650\/revisions\/6665"}],"wp:attachment":[{"href":"https:\/\/www.gonzalezchevez.com\/en\/wp-json\/wp\/v2\/media?parent=6650"}],"curies":[{"name":"wp","href":"https:\/\/api.w.org\/{rel}","templated":true}]}}