{"id":6105,"date":"2023-11-14T17:55:12","date_gmt":"2023-11-14T17:55:12","guid":{"rendered":"https:\/\/www.gonzalezchevez.com\/?page_id=6105"},"modified":"2023-11-30T18:56:20","modified_gmt":"2023-11-30T18:56:20","slug":"internacional","status":"publish","type":"page","link":"https:\/\/www.gonzalezchevez.com\/en\/internacional\/","title":{"rendered":"International"},"content":{"rendered":"<div data-elementor-type=\"wp-page\" data-elementor-id=\"6105\" class=\"elementor elementor-6105\" data-elementor-post-type=\"page\">\n\t\t\t\t        <section class=\"elementor-section elementor-top-section elementor-element elementor-element-bca8448 elementor-section-stretched elementor-section-boxed elementor-section-height-default elementor-section-height-default ct-header-fixed-none ct-row-max-none\" data-id=\"bca8448\" data-element_type=\"section\" data-e-type=\"section\" data-settings=\"{&quot;stretch_section&quot;:&quot;section-stretched&quot;}\">\n            \n                        <div class=\"elementor-container elementor-column-gap-extended\">\n                    <div class=\"elementor-column elementor-col-100 elementor-top-column elementor-element elementor-element-8630a61\" data-id=\"8630a61\" data-element_type=\"column\" data-e-type=\"column\">\n        <div class=\"elementor-widget-wrap elementor-element-populated\">\n                    \n        \t\t<div class=\"elementor-element elementor-element-75b1fba elementor-widget elementor-widget-image\" data-id=\"75b1fba\" data-element_type=\"widget\" data-e-type=\"widget\" data-widget_type=\"image.default\">\n\t\t\t\t<div class=\"elementor-widget-container\">\n\t\t\t\t\t\t\t\t\t\t\t\t\t\t\t<img decoding=\"async\" width=\"227\" height=\"119\" data-src=\"https:\/\/www.gonzalezchevez.com\/wp-content\/uploads\/2023\/11\/kudos-logo.png\" class=\"attachment-large size-large wp-image-6194 lazyload\" alt=\"\" data-srcset=\"https:\/\/www.gonzalezchevez.com\/wp-content\/uploads\/2023\/11\/kudos-logo.png 227w, https:\/\/www.gonzalezchevez.com\/wp-content\/uploads\/2023\/11\/kudos-logo-18x9.png 18w\" data-sizes=\"(max-width: 227px) 100vw, 227px\" src=\"data:image\/gif;base64,R0lGODlhAQABAAAAACH5BAEKAAEALAAAAAABAAEAAAICTAEAOw==\" style=\"--smush-placeholder-width: 227px; --smush-placeholder-aspect-ratio: 227\/119;\" \/>\t\t\t\t\t\t\t\t\t\t\t\t\t\t\t<\/div>\n\t\t\t\t<\/div>\n\t\t\t\t<div class=\"elementor-element elementor-element-3bf93cb elementor-widget elementor-widget-spacer\" data-id=\"3bf93cb\" data-element_type=\"widget\" data-e-type=\"widget\" data-widget_type=\"spacer.default\">\n\t\t\t\t<div class=\"elementor-widget-container\">\n\t\t\t\t\t\t\t<div class=\"elementor-spacer\">\n\t\t\t<div class=\"elementor-spacer-inner\"><\/div>\n\t\t<\/div>\n\t\t\t\t\t\t<\/div>\n\t\t\t\t<\/div>\n\t\t        <section class=\"elementor-section elementor-inner-section elementor-element elementor-element-942af5f elementor-section-boxed elementor-section-height-default elementor-section-height-default ct-header-fixed-none ct-row-max-none\" data-id=\"942af5f\" data-element_type=\"section\" data-e-type=\"section\">\n            \n                        <div class=\"elementor-container elementor-column-gap-extended\">\n                    <div class=\"elementor-column elementor-col-100 elementor-inner-column elementor-element elementor-element-f269e39\" data-id=\"f269e39\" data-element_type=\"column\" data-e-type=\"column\">\n        <div class=\"elementor-widget-wrap elementor-element-populated\">\n                    \n        \t\t<div class=\"elementor-element elementor-element-39ccfa7 elementor-widget elementor-widget-ct_text_editor\" data-id=\"39ccfa7\" data-element_type=\"widget\" data-e-type=\"widget\" data-widget_type=\"ct_text_editor.default\">\n\t\t\t\t<div class=\"elementor-widget-container\">\n\t\t\t\t\t<div id=\"ct_text_editor-39ccfa7\" class=\"ct-text-editor\" data-wow-delay=\"ms\">\n\t<div class=\"ct-item--inner\">\n\t\t<div class=\"ct-inline-css\"  data-css=\"\t        \t\t\t\">\n\n\t    <\/div>\n\t\t<div class=\"ct-text-editor elementor-clearfix\">\n\t\t\t<p><strong>Gonz\u00e1lez Chevez<\/strong>, aligned with its vision, \"To be a <strong>CPC<\/strong> firm with international representation recognized in Mexico as the best option\", has taken a step forward by becoming members of Kudos International, assuming a new international profile that supports and retains our local clients and attends to the needs of the international market.<\/p><p><br \/>Another objective is to enhance the services of other members of Kudos International, through an international directory that will allow members to receive constant technical advice on auditing and accounting, management and development of best practices, as well as the continued application of quality standards established by international regulations.<\/p>\t\t\n\t\t<\/div>\n\t<\/div>\n<\/div>\t\t\t\t<\/div>\n\t\t\t\t<\/div>\n\t\t            <\/div>\n        <\/div>\n                    <\/div>\n        <\/section>\n                <section class=\"elementor-section elementor-inner-section elementor-element elementor-element-58eab61 elementor-section-boxed elementor-section-height-default elementor-section-height-default ct-header-fixed-none ct-row-max-none\" data-id=\"58eab61\" data-element_type=\"section\" data-e-type=\"section\">\n            \n                        <div class=\"elementor-container elementor-column-gap-extended\">\n                    <div class=\"elementor-column elementor-col-50 elementor-inner-column elementor-element elementor-element-b577895\" data-id=\"b577895\" data-element_type=\"column\" data-e-type=\"column\">\n        <div class=\"elementor-widget-wrap elementor-element-populated\">\n                    \n        \t\t<div class=\"elementor-element elementor-element-29496e4 elementor-widget elementor-widget-image\" data-id=\"29496e4\" data-element_type=\"widget\" data-e-type=\"widget\" data-widget_type=\"image.default\">\n\t\t\t\t<div class=\"elementor-widget-container\">\n\t\t\t\t\t\t\t\t\t\t\t\t\t\t\t<img decoding=\"async\" width=\"346\" height=\"53\" data-src=\"https:\/\/www.gonzalezchevez.com\/wp-content\/uploads\/2023\/11\/forum2.jpg\" class=\"attachment-large size-large wp-image-6210 lazyload\" alt=\"\" data-srcset=\"https:\/\/www.gonzalezchevez.com\/wp-content\/uploads\/2023\/11\/forum2.jpg 346w, https:\/\/www.gonzalezchevez.com\/wp-content\/uploads\/2023\/11\/forum2-300x46.jpg 300w, https:\/\/www.gonzalezchevez.com\/wp-content\/uploads\/2023\/11\/forum2-18x3.jpg 18w\" data-sizes=\"(max-width: 346px) 100vw, 346px\" src=\"data:image\/gif;base64,R0lGODlhAQABAAAAACH5BAEKAAEALAAAAAABAAEAAAICTAEAOw==\" style=\"--smush-placeholder-width: 346px; --smush-placeholder-aspect-ratio: 346\/53;\" \/>\t\t\t\t\t\t\t\t\t\t\t\t\t\t\t<\/div>\n\t\t\t\t<\/div>\n\t\t            <\/div>\n        <\/div>\n                <div class=\"elementor-column elementor-col-50 elementor-inner-column elementor-element elementor-element-0852f49\" data-id=\"0852f49\" data-element_type=\"column\" data-e-type=\"column\">\n        <div class=\"elementor-widget-wrap elementor-element-populated\">\n                    \n        \t\t<div class=\"elementor-element elementor-element-f6cc9d7 elementor-widget elementor-widget-text-editor\" data-id=\"f6cc9d7\" data-element_type=\"widget\" data-e-type=\"widget\" data-widget_type=\"text-editor.default\">\n\t\t\t\t<div class=\"elementor-widget-container\">\n\t\t\t\t\t\t\t\t\t<p>The Forum of Firms is an association of leading international accounting networks of firms committed to promoting consistent standards of financial reporting and high quality auditing practices worldwide.<\/p>\t\t\t\t\t\t\t\t<\/div>\n\t\t\t\t<\/div>\n\t\t            <\/div>\n        <\/div>\n                    <\/div>\n        <\/section>\n                    <\/div>\n        <\/div>\n                    <\/div>\n        <\/section>\n                <section class=\"elementor-section elementor-top-section elementor-element elementor-element-a46ffb5 elementor-section-stretched elementor-section-boxed elementor-section-height-default elementor-section-height-default ct-header-fixed-none ct-row-max-none\" data-id=\"a46ffb5\" data-element_type=\"section\" data-e-type=\"section\" data-settings=\"{&quot;stretch_section&quot;:&quot;section-stretched&quot;,&quot;background_background&quot;:&quot;classic&quot;}\">\n                            <div class=\"elementor-background-overlay\"><\/div>\n                \n                        <div class=\"elementor-container elementor-column-gap-extended\">\n                    <div class=\"elementor-column elementor-col-100 elementor-top-column elementor-element elementor-element-5e67a90\" data-id=\"5e67a90\" data-element_type=\"column\" data-e-type=\"column\">\n        <div class=\"elementor-widget-wrap elementor-element-populated\">\n                    \n                <section class=\"elementor-section elementor-inner-section elementor-element elementor-element-0336159 elementor-section-boxed elementor-section-height-default elementor-section-height-default ct-header-fixed-none ct-row-max-none\" data-id=\"0336159\" data-element_type=\"section\" data-e-type=\"section\">\n            \n                        <div class=\"elementor-container elementor-column-gap-extended\">\n                    <div class=\"elementor-column elementor-col-33 elementor-inner-column elementor-element elementor-element-9559d14\" data-id=\"9559d14\" data-element_type=\"column\" data-e-type=\"column\">\n        <div class=\"elementor-widget-wrap\">\n                    \n                    <\/div>\n        <\/div>\n                <div class=\"elementor-column elementor-col-33 elementor-inner-column elementor-element elementor-element-7aad221\" data-id=\"7aad221\" data-element_type=\"column\" data-e-type=\"column\">\n        <div class=\"elementor-widget-wrap elementor-element-populated\">\n                    \n        \t\t<div class=\"elementor-element elementor-element-fd46c38 elementor-widget elementor-widget-ct_heading\" data-id=\"fd46c38\" data-element_type=\"widget\" data-e-type=\"widget\" data-widget_type=\"ct_heading.default\">\n\t\t\t\t<div class=\"elementor-widget-container\">\n\t\t\t\t\t<div id=\"ct_heading-fd46c38\" class=\"ct-heading h-align-center sub-style1 ct-heading-left item-st-default\">\r\n\t<div class=\"ct-item--inner\">\r\n        <div class=\"ct-inline-css\"  data-css=\"            \">\r\n        <\/div>\r\n                <h3 class=\"item--title st-default case-animate-time\" data-wow-delay=\"ms\">\r\n                        <span class=\"sp-main\">\r\n                \r\n                Video\r\n                \r\n                            <\/span>\r\n                    <\/h3>\r\n    <\/div>\r\n<\/div>\t\t\t\t<\/div>\n\t\t\t\t<\/div>\n\t\t            <\/div>\n        <\/div>\n                <div class=\"elementor-column elementor-col-33 elementor-inner-column elementor-element elementor-element-3d043c7\" data-id=\"3d043c7\" data-element_type=\"column\" data-e-type=\"column\">\n        <div class=\"elementor-widget-wrap\">\n                    \n                    <\/div>\n        <\/div>\n                    <\/div>\n        <\/section>\n        \t\t<div class=\"elementor-element elementor-element-f0564eb text-center elementor-widget elementor-widget-ct_video_player\" data-id=\"f0564eb\" data-element_type=\"widget\" data-e-type=\"widget\" data-widget_type=\"ct_video_player.default\">\n\t\t\t\t<div class=\"elementor-widget-container\">\n\t\t\t\t\t<div class=\"ct-video-player video-player-style1 wow fadeInUp\">\r\n                    <a class=\"ct-video-button style1\" href=\"https:\/\/www.youtube.com\/watch?v=3fGoxL2r0YQ\">\r\n            <i class=\"fac fac-play\"><\/i>\r\n            <span class=\"line-video-animation line-video-1\"><\/span>\r\n            <span class=\"line-video-animation line-video-2\"><\/span>\r\n            <span class=\"line-video-animation line-video-3\"><\/span>\r\n        <\/a>\r\n        <span><\/span>\r\n<\/div>\r\n\t\t\t\t<\/div>\n\t\t\t\t<\/div>\n\t\t            <\/div>\n        <\/div>\n                    <\/div>\n        <\/section>\n                <section class=\"elementor-section elementor-top-section elementor-element elementor-element-a4ee903 elementor-section-boxed elementor-section-height-default elementor-section-height-default ct-header-fixed-none ct-row-max-none\" data-id=\"a4ee903\" data-element_type=\"section\" data-e-type=\"section\">\n            \n                        <div class=\"elementor-container elementor-column-gap-default\">\n                    <div class=\"elementor-column elementor-col-100 elementor-top-column elementor-element elementor-element-853acf4\" data-id=\"853acf4\" data-element_type=\"column\" data-e-type=\"column\">\n        <div class=\"elementor-widget-wrap elementor-element-populated\">\n                    \n        \t\t<div class=\"elementor-element elementor-element-f087eca elementor-widget elementor-widget-heading\" data-id=\"f087eca\" data-element_type=\"widget\" data-e-type=\"widget\" data-widget_type=\"heading.default\">\n\t\t\t\t<div class=\"elementor-widget-container\">\n\t\t\t\t\t<h2 class=\"elementor-heading-title elementor-size-default\">Disclaimer:<\/h2>\t\t\t\t<\/div>\n\t\t\t\t<\/div>\n\t\t\t\t<div class=\"elementor-element elementor-element-d0f8412 elementor-widget elementor-widget-text-editor\" data-id=\"d0f8412\" data-element_type=\"widget\" data-e-type=\"widget\" data-widget_type=\"text-editor.default\">\n\t\t\t\t<div class=\"elementor-widget-container\">\n\t\t\t\t\t\t\t\t\t<p>We are members of Kudos International. Kudos International is a worldwide network of independent accounting firms that provide professional services to their clients. Kudos International does not provide services to clients of its members. Members of Kudos International are legally individual organizations and are only associated with each other as members of the network. Some of the members of Kudos International use Kudos as part of their trade name. However, nothing in the agreements or rules of Kudos International creates or implies an agency relationship or a partnership between Kudos International and Kudos International member firms. Any claim arising from working in conjunction with another Kudos International member who has been engaged can only be made against that member. No claims can be made against Kudos International, or any other person or organization involved in working for you. Although your contract is with us, we may use the services of partners or staff of other Kudos International members to help us provide services to you. When we use the services of these partners or staff, they act as our agents and not as partners, or agents of anyone else (including any other Kudos International member firm). As a result, we will be legally responsible for their activities as if they were our partners or staff. Neither Kudos International nor any other member firm of Kudos International will have any liability in connection with this work because there is no contract between you and any other member firm.<\/p>\t\t\t\t\t\t\t\t<\/div>\n\t\t\t\t<\/div>\n\t\t            <\/div>\n        <\/div>\n                    <\/div>\n        <\/section>\n        \t\t<\/div>","protected":false},"excerpt":{"rendered":"<p>Gonz\u00e1lez Chevez, en congruencia con nuestra visi\u00f3n de firma, \u201cSer una firma de CPC con representaci\u00f3n internacional reconocidos en M\u00e9xico como la mejor opci\u00f3n\u201d, damos un paso hacia adelante convirti\u00e9ndonos en miembros de Kudos International, asumiendo un nuevo perfil internacional que apuntale y retenga a nuestros clientes locales y se atiendan las necesidades del mercado [&hellip;]<\/p>\n","protected":false},"author":1,"featured_media":0,"parent":0,"menu_order":0,"comment_status":"closed","ping_status":"closed","template":"","meta":{"footnotes":""},"class_list":["post-6105","page","type-page","status-publish","hentry"],"_links":{"self":[{"href":"https:\/\/www.gonzalezchevez.com\/en\/wp-json\/wp\/v2\/pages\/6105","targetHints":{"allow":["GET"]}}],"collection":[{"href":"https:\/\/www.gonzalezchevez.com\/en\/wp-json\/wp\/v2\/pages"}],"about":[{"href":"https:\/\/www.gonzalezchevez.com\/en\/wp-json\/wp\/v2\/types\/page"}],"author":[{"embeddable":true,"href":"https:\/\/www.gonzalezchevez.com\/en\/wp-json\/wp\/v2\/users\/1"}],"replies":[{"embeddable":true,"href":"https:\/\/www.gonzalezchevez.com\/en\/wp-json\/wp\/v2\/comments?post=6105"}],"version-history":[{"count":0,"href":"https:\/\/www.gonzalezchevez.com\/en\/wp-json\/wp\/v2\/pages\/6105\/revisions"}],"wp:attachment":[{"href":"https:\/\/www.gonzalezchevez.com\/en\/wp-json\/wp\/v2\/media?parent=6105"}],"curies":[{"name":"wp","href":"https:\/\/api.w.org\/{rel}","templated":true}]}}